{"id":23,"date":"2015-09-11T13:16:24","date_gmt":"2015-09-11T13:16:24","guid":{"rendered":"http:\/\/www.remateck.com\/?page_id=23"},"modified":"2015-09-24T23:44:35","modified_gmt":"2015-09-24T23:44:35","slug":"entretien","status":"publish","type":"page","link":"https:\/\/www.remateck.com\/index.php\/entretien\/","title":{"rendered":"Entretien"},"content":{"rendered":"<p>Remateck vous offre ses services pour l&rsquo;entretien pr\u00e9ventif de votre foyer, BBQ ou de vos diff\u00e9rents \u00e9quipements au gaz.<\/p>\n<p>L&rsquo;entretien pr\u00e9ventif comporte plusieurs aspect technique important au bon fonctionnement. Nous sugg\u00e9rons de faire faire l&rsquo;entretien de vos \u00e9quipements au 2 ans.<\/p>\n<ul>\n<li>Entretenir les bouches d&rsquo;a\u00e9ration et les conduites reli\u00e9es aux appareils. Rien ne doit obstruer la ventilation et l\u2019\u00e9vacuation des gaz de combustion.<\/li>\n<li>V\u00e9rifier la thermopile et thermocouple et changer au besoin.<\/li>\n<li>Nettoyez l\u2019int\u00e9rieur pour enlever les r\u00e9sidus qui auraient pu s&rsquo;y accumuler.<\/li>\n<li>V\u00e9rifiez et ajuster la pression de gaz.<\/li>\n<li>V\u00e9rifier le thermodisque et changer au besoin.<\/li>\n<li>V\u00e9rifier et ajuster le venturi.<\/li>\n<li>V\u00e9rifier l&rsquo;\u00e9caillement des parois et peinturer au besoin.<\/li>\n<li>V\u00e9rifier la gaine isolante de vitre et changer au besoin.<\/li>\n<li>Nettoyer la vitre.<\/li>\n<li>Proc\u00e9der \u00e0 la mise en marche du foyer et ajuster le niveau des flammes.<\/li>\n<li>V\u00e9rification du syst\u00e8me d\u2019allumage (thermostat, t\u00e9l\u00e9commande, etc..)<\/li>\n<\/ul>\n<p>Nos techniciens sont sp\u00e9cialement form\u00e9s et certifi\u00e9s pour effectuer ce genre maintenance et le tout est fait de\u00a0fa\u00e7on professionnel et impeccable !<\/p>\n","protected":false},"excerpt":{"rendered":"<p>Remateck vous offre ses services pour l&rsquo;entretien pr\u00e9ventif de votre foyer, BBQ ou de vos diff\u00e9rents \u00e9quipements au gaz. L&rsquo;entretien pr\u00e9ventif comporte plusieurs aspect technique important au bon fonctionnement. Nous sugg\u00e9rons de faire faire l&rsquo;entretien de vos \u00e9quipements au 2 ans. Entretenir les bouches d&rsquo;a\u00e9ration et les conduites reli\u00e9es aux appareils. Rien ne doit obstruer &hellip; <a href=\"https:\/\/www.remateck.com\/index.php\/entretien\/\" class=\"more-link\">Continuer la lecture de <span class=\"screen-reader-text\">Entretien<\/span> <span class=\"meta-nav\">&rarr;<\/span><\/a><\/p>\n","protected":false},"author":1,"featured_media":0,"parent":0,"menu_order":0,"comment_status":"closed","ping_status":"closed","template":"","meta":[],"_links":{"self":[{"href":"https:\/\/www.remateck.com\/index.php\/wp-json\/wp\/v2\/pages\/23"}],"collection":[{"href":"https:\/\/www.remateck.com\/index.php\/wp-json\/wp\/v2\/pages"}],"about":[{"href":"https:\/\/www.remateck.com\/index.php\/wp-json\/wp\/v2\/types\/page"}],"author":[{"embeddable":true,"href":"https:\/\/www.remateck.com\/index.php\/wp-json\/wp\/v2\/users\/1"}],"replies":[{"embeddable":true,"href":"https:\/\/www.remateck.com\/index.php\/wp-json\/wp\/v2\/comments?post=23"}],"version-history":[{"count":10,"href":"https:\/\/www.remateck.com\/index.php\/wp-json\/wp\/v2\/pages\/23\/revisions"}],"predecessor-version":[{"id":85,"href":"https:\/\/www.remateck.com\/index.php\/wp-json\/wp\/v2\/pages\/23\/revisions\/85"}],"wp:attachment":[{"href":"https:\/\/www.remateck.com\/index.php\/wp-json\/wp\/v2\/media?parent=23"}],"curies":[{"name":"wp","href":"https:\/\/api.w.org\/{rel}","templated":true}]}}